
   {"id":443,"date":"2025-07-06T21:54:33","date_gmt":"2025-07-06T21:54:33","guid":{"rendered":"https:\/\/pluralizar.org\/?page_id=443"},"modified":"2025-12-02T12:17:07","modified_gmt":"2025-12-02T12:17:07","slug":"ponencias","status":"publish","type":"page","link":"https:\/\/pluralizar.org\/index.php\/materiales\/ponencias\/","title":{"rendered":"Ponencias"},"content":{"rendered":"\n<div class=\"wp-block-query has-global-padding is-layout-constrained wp-container-core-query-is-layout-12243e0f wp-block-query-is-layout-constrained\"><ul class=\"columns-1 wp-block-post-template is-layout-grid wp-container-core-post-template-is-layout-33e7cd9c wp-block-post-template-is-layout-grid\"><li class=\"wp-block-post post-900 ponencia type-ponencia status-publish format-standard hentry category-ponencias\">\n\n<div class=\"wp-block-group wow animate__animated animate__slideInUp entrada-archivo has-border-color has-primary-border-color has-base-background-color has-background has-global-padding is-layout-constrained wp-container-core-group-is-layout-cadcbf36 wp-block-group-is-layout-constrained\" style=\"border-width:1px;border-radius:0px;margin-top:0;margin-bottom:var(--wp--preset--spacing--20);padding-top:var(--wp--preset--spacing--20);padding-right:var(--wp--preset--spacing--20);padding-bottom:var(--wp--preset--spacing--20);padding-left:var(--wp--preset--spacing--20)\">\n<div class=\"wp-block-group has-global-padding is-layout-constrained wp-container-core-group-is-layout-990378a1 wp-block-group-is-layout-constrained\">\n\n\n<div class=\"wp-block-group is-layout-flow wp-block-group-is-layout-flow\" style=\"padding-right:0;padding-left:0\"><h2 style=\"font-size:clamp(1.453rem, 1.453rem + ((1vw - 0.2rem) * 1.184), 2.4rem);font-style:normal;font-weight:700;line-height:1; padding-top:var(--wp--preset--spacing--10);padding-bottom:var(--wp--preset--spacing--10);\" class=\"titulo-entrada-archivo wp-block-post-title\"><a href=\"https:\/\/pluralizar.org\/index.php\/ponencia\/etiologias-ancestrales-de-la-neurodiversidad-pluralizando-la-imaginacion-politica-en-la-especulacion-cientifica\/\" target=\"_self\" >Etiolog\u00edas ancestrales de la neurodiversidad. Pluralizando la imaginaci\u00f3n pol\u00edtica en la especulaci\u00f3n cient\u00edfica<\/a><\/h2>\n\n<div style=\"padding-bottom:var(--wp--preset--spacing--10);\" class=\"extracto-entrada-archivo wp-block-post-excerpt\"><p class=\"wp-block-post-excerpt__excerpt\">Hugo Sir R., (2025). \u201cEtiolog\u00edas ancestrales. Especulaci\u00f3n cient\u00edfica, imaginaci\u00f3n pol\u00edtica y la relevancia epist\u00e9mica de la co-construcci\u00f3n del conocimiento.\u201d [Ancestral etiologies. Scientific speculation, political imagination and the epistemic relevance of the co-construction of knowledge]. XII Encuentro CTS-Chile (Valpara\u00edso, Chile, 6-8 January). Mi presentaci\u00f3n tendr\u00e1 una forma ligeramente diferente a la acostumbrada en una ponencia. Me&hellip; <\/p><\/div>\n\n\n<div class=\"wp-block-columns is-layout-flex wp-container-core-columns-is-layout-28f84493 wp-block-columns-is-layout-flex\">\n<div class=\"wp-block-column caja-etiquetas has-border-color has-primary-border-color is-layout-flow wp-block-column-is-layout-flow\" style=\"border-style:solid;border-width:1px;padding-top:0.5rem;padding-right:0.5rem;padding-bottom:0.5rem;padding-left:0.5rem\"><div style=\"font-size:0.8rem;font-style:normal;font-weight:900;text-transform:uppercase\" class=\"taxonomy-category categorias-post wp-block-post-terms\"><a href=\"https:\/\/pluralizar.org\/index.php\/category\/ponencias\/\" rel=\"tag\">Ponencias<\/a><\/div><\/div>\n<\/div>\n<\/div>\n<\/div>\n<\/div>\n\n<\/li><li class=\"wp-block-post post-897 ponencia type-ponencia status-publish format-standard hentry category-ponencias\">\n\n<div class=\"wp-block-group wow animate__animated animate__slideInUp entrada-archivo has-border-color has-primary-border-color has-base-background-color has-background has-global-padding is-layout-constrained wp-container-core-group-is-layout-cadcbf36 wp-block-group-is-layout-constrained\" style=\"border-width:1px;border-radius:0px;margin-top:0;margin-bottom:var(--wp--preset--spacing--20);padding-top:var(--wp--preset--spacing--20);padding-right:var(--wp--preset--spacing--20);padding-bottom:var(--wp--preset--spacing--20);padding-left:var(--wp--preset--spacing--20)\">\n<div class=\"wp-block-group has-global-padding is-layout-constrained wp-container-core-group-is-layout-990378a1 wp-block-group-is-layout-constrained\">\n\n\n<div class=\"wp-block-group is-layout-flow wp-block-group-is-layout-flow\" style=\"padding-right:0;padding-left:0\"><h2 style=\"font-size:clamp(1.453rem, 1.453rem + ((1vw - 0.2rem) * 1.184), 2.4rem);font-style:normal;font-weight:700;line-height:1; padding-top:var(--wp--preset--spacing--10);padding-bottom:var(--wp--preset--spacing--10);\" class=\"titulo-entrada-archivo wp-block-post-title\"><a href=\"https:\/\/pluralizar.org\/index.php\/ponencia\/especulacion-cientifica-e-imaginacion-politica-algunas-reflexiones-a-proposito-de-la-interpretacion-ancestral-de-una-hipotesis-etiologica-del-tdah\/\" target=\"_self\" >Especulaci\u00f3n cient\u00edfica e imaginaci\u00f3n pol\u00edtica. Algunas reflexiones a prop\u00f3sito de la interpretaci\u00f3n ancestral de una hip\u00f3tesis etiol\u00f3gica del TDAH.<\/a><\/h2>\n\n<div style=\"padding-bottom:var(--wp--preset--spacing--10);\" class=\"extracto-entrada-archivo wp-block-post-excerpt\"><p class=\"wp-block-post-excerpt__excerpt\">Hugo Sir R., (2024).\u201cEspeculaci\u00f3n cient\u00edfica e imaginaci\u00f3n pol\u00edtica. Algunas reflexiones a prop\u00f3sito de la interpretaci\u00f3n ancestral de una hip\u00f3tesis etiol\u00f3gica del TDAH\u201d [Scientific speculation and political imagination. Some reflections on the ancestral interpretation of an etiological hypothesis of ADHD]. VI Coloquio Internacional de Psicoan\u00e1lisis y Disciplinas afines INTERPRETACI\u00d3N Y PODER (Santiago, Chile, 12-14 December). El&hellip; <\/p><\/div>\n\n\n<div class=\"wp-block-columns is-layout-flex wp-container-core-columns-is-layout-28f84493 wp-block-columns-is-layout-flex\">\n<div class=\"wp-block-column caja-etiquetas has-border-color has-primary-border-color is-layout-flow wp-block-column-is-layout-flow\" style=\"border-style:solid;border-width:1px;padding-top:0.5rem;padding-right:0.5rem;padding-bottom:0.5rem;padding-left:0.5rem\"><div style=\"font-size:0.8rem;font-style:normal;font-weight:900;text-transform:uppercase\" class=\"taxonomy-category categorias-post wp-block-post-terms\"><a href=\"https:\/\/pluralizar.org\/index.php\/category\/ponencias\/\" rel=\"tag\">Ponencias<\/a><\/div><\/div>\n<\/div>\n<\/div>\n<\/div>\n<\/div>\n\n<\/li><li class=\"wp-block-post post-895 ponencia type-ponencia status-publish format-standard hentry category-ponencias\">\n\n<div class=\"wp-block-group wow animate__animated animate__slideInUp entrada-archivo has-border-color has-primary-border-color has-base-background-color has-background has-global-padding is-layout-constrained wp-container-core-group-is-layout-cadcbf36 wp-block-group-is-layout-constrained\" style=\"border-width:1px;border-radius:0px;margin-top:0;margin-bottom:var(--wp--preset--spacing--20);padding-top:var(--wp--preset--spacing--20);padding-right:var(--wp--preset--spacing--20);padding-bottom:var(--wp--preset--spacing--20);padding-left:var(--wp--preset--spacing--20)\">\n<div class=\"wp-block-group has-global-padding is-layout-constrained wp-container-core-group-is-layout-990378a1 wp-block-group-is-layout-constrained\">\n\n\n<div class=\"wp-block-group is-layout-flow wp-block-group-is-layout-flow\" style=\"padding-right:0;padding-left:0\"><h2 style=\"font-size:clamp(1.453rem, 1.453rem + ((1vw - 0.2rem) * 1.184), 2.4rem);font-style:normal;font-weight:700;line-height:1; padding-top:var(--wp--preset--spacing--10);padding-bottom:var(--wp--preset--spacing--10);\" class=\"titulo-entrada-archivo wp-block-post-title\"><a href=\"https:\/\/pluralizar.org\/index.php\/ponencia\/neuro-ancestral-imaginations-how-to-deal-with-exceedingly-speculative-potentially-colonialist-scientific-knowledge\/\" target=\"_self\" >Neuro-ancestral imaginations. How to deal with exceedingly speculative (potentially colonialist) scientific knowledge?<\/a><\/h2>\n\n<div style=\"padding-bottom:var(--wp--preset--spacing--10);\" class=\"extracto-entrada-archivo wp-block-post-excerpt\"><p class=\"wp-block-post-excerpt__excerpt\">Hugo Sir R., (2024). \u201cPower of fictions. Ancestral etiologies and political imagination in the ADHD hunter hypothesis\u201d. ASAP\/15 Conference: Not a Luxury (New York, EEUU, 17-19 October). &#8220;Methodologies of Excess: Practices of Imagination, Fiction, and Contagion in the Southern Cone&#8221; Panel. I titled this talk using the word &#8216;exceedingly,&#8217; echoing Stafford Beer, a key figure&hellip; <\/p><\/div>\n\n\n<div class=\"wp-block-columns is-layout-flex wp-container-core-columns-is-layout-28f84493 wp-block-columns-is-layout-flex\">\n<div class=\"wp-block-column caja-etiquetas has-border-color has-primary-border-color is-layout-flow wp-block-column-is-layout-flow\" style=\"border-style:solid;border-width:1px;padding-top:0.5rem;padding-right:0.5rem;padding-bottom:0.5rem;padding-left:0.5rem\"><div style=\"font-size:0.8rem;font-style:normal;font-weight:900;text-transform:uppercase\" class=\"taxonomy-category categorias-post wp-block-post-terms\"><a href=\"https:\/\/pluralizar.org\/index.php\/category\/ponencias\/\" rel=\"tag\">Ponencias<\/a><\/div><\/div>\n<\/div>\n<\/div>\n<\/div>\n<\/div>\n\n<\/li><li class=\"wp-block-post post-894 ponencia type-ponencia status-publish format-standard hentry category-ponencias\">\n\n<div class=\"wp-block-group wow animate__animated animate__slideInUp entrada-archivo has-border-color has-primary-border-color has-base-background-color has-background has-global-padding is-layout-constrained wp-container-core-group-is-layout-cadcbf36 wp-block-group-is-layout-constrained\" style=\"border-width:1px;border-radius:0px;margin-top:0;margin-bottom:var(--wp--preset--spacing--20);padding-top:var(--wp--preset--spacing--20);padding-right:var(--wp--preset--spacing--20);padding-bottom:var(--wp--preset--spacing--20);padding-left:var(--wp--preset--spacing--20)\">\n<div class=\"wp-block-group has-global-padding is-layout-constrained wp-container-core-group-is-layout-990378a1 wp-block-group-is-layout-constrained\">\n\n\n<div class=\"wp-block-group is-layout-flow wp-block-group-is-layout-flow\" style=\"padding-right:0;padding-left:0\"><h2 style=\"font-size:clamp(1.453rem, 1.453rem + ((1vw - 0.2rem) * 1.184), 2.4rem);font-style:normal;font-weight:700;line-height:1; padding-top:var(--wp--preset--spacing--10);padding-bottom:var(--wp--preset--spacing--10);\" class=\"titulo-entrada-archivo wp-block-post-title\"><a href=\"https:\/\/pluralizar.org\/index.php\/ponencia\/we-are-not-irremediably-irresponsible-we-are-hunters-reweaving-social-critique-scientific-speculation-and-political-imagination-around-the-adhd-hunter-etiology\/\" target=\"_self\" >We are not irremediably irresponsible, we are hunters!\u2019. Reweaving social critique, scientific speculation, and political imagination around the ADHD\u2019 hunter etiology<\/a><\/h2>\n\n<div style=\"padding-bottom:var(--wp--preset--spacing--10);\" class=\"extracto-entrada-archivo wp-block-post-excerpt\"><p class=\"wp-block-post-excerpt__excerpt\">Hugo Sir R., (2024). \u201c\u2018We are not irremediably irresponsible, we are hunters!\u2019. Reweaving social critique, scientific speculation, and political imagination around the ADHD\u2019 hunter etiology.\u201d DECOLMAD Workshop: Psy-disciplines and primitivism in postcolonial times (Tarragona, Spain, 20-21 June). Organizers: ERC-project Decolonizing Madness? (DECOLMAD), Center for Culture and the Mind (CULTMIND), University of Copenhagen, in collaboration with&hellip; <\/p><\/div>\n\n\n<div class=\"wp-block-columns is-layout-flex wp-container-core-columns-is-layout-28f84493 wp-block-columns-is-layout-flex\">\n<div class=\"wp-block-column caja-etiquetas has-border-color has-primary-border-color is-layout-flow wp-block-column-is-layout-flow\" style=\"border-style:solid;border-width:1px;padding-top:0.5rem;padding-right:0.5rem;padding-bottom:0.5rem;padding-left:0.5rem\"><div style=\"font-size:0.8rem;font-style:normal;font-weight:900;text-transform:uppercase\" class=\"taxonomy-category categorias-post wp-block-post-terms\"><a href=\"https:\/\/pluralizar.org\/index.php\/category\/ponencias\/\" rel=\"tag\">Ponencias<\/a><\/div><\/div>\n<\/div>\n<\/div>\n<\/div>\n<\/div>\n\n<\/li><\/ul>\n\n<\/div>\n","protected":false},"excerpt":{"rendered":"","protected":false},"author":2,"featured_media":0,"parent":448,"menu_order":0,"comment_status":"closed","ping_status":"closed","template":"","meta":{"_acf_changed":false,"footnotes":""},"class_list":["post-443","page","type-page","status-publish","hentry"],"mb":[],"acf":[],"mfb_rest_fields":["title"],"_links":{"self":[{"href":"https:\/\/pluralizar.org\/index.php\/wp-json\/wp\/v2\/pages\/443","targetHints":{"allow":["GET"]}}],"collection":[{"href":"https:\/\/pluralizar.org\/index.php\/wp-json\/wp\/v2\/pages"}],"about":[{"href":"https:\/\/pluralizar.org\/index.php\/wp-json\/wp\/v2\/types\/page"}],"author":[{"embeddable":true,"href":"https:\/\/pluralizar.org\/index.php\/wp-json\/wp\/v2\/users\/2"}],"replies":[{"embeddable":true,"href":"https:\/\/pluralizar.org\/index.php\/wp-json\/wp\/v2\/comments?post=443"}],"version-history":[{"count":5,"href":"https:\/\/pluralizar.org\/index.php\/wp-json\/wp\/v2\/pages\/443\/revisions"}],"predecessor-version":[{"id":930,"href":"https:\/\/pluralizar.org\/index.php\/wp-json\/wp\/v2\/pages\/443\/revisions\/930"}],"up":[{"embeddable":true,"href":"https:\/\/pluralizar.org\/index.php\/wp-json\/wp\/v2\/pages\/448"}],"wp:attachment":[{"href":"https:\/\/pluralizar.org\/index.php\/wp-json\/wp\/v2\/media?parent=443"}],"curies":[{"name":"wp","href":"https:\/\/api.w.org\/{rel}","templated":true}]}}